{"id":14,"date":"2018-10-19T09:13:31","date_gmt":"2018-10-19T07:13:31","guid":{"rendered":"http:\/\/kbjp-aichach.de\/?page_id=14"},"modified":"2019-05-19T19:03:53","modified_gmt":"2019-05-19T17:03:53","slug":"satzung","status":"publish","type":"page","link":"https:\/\/www.kbjp-aichach.de\/?page_id=14","title":{"rendered":"Satzung"},"content":{"rendered":"\n<h2 class=\"wp-block-heading\"><\/h2>\n\n\n\n<p>Pr\u00e4ambel:<br>In einer schweren Zeit, in der Gewalt und Unrecht immer mehr die Macht ergreifen, in der Abtreibung, Vergewaltigung, Mord und Totschlag an der Tagesordnung sind, haben sich aufrechte, g`standene, verantwortungsbewu\u00dfte bayerische B\u00fcrger zusammengefunden, um alte Sitten, alten Brauch und alte Feiertage zu pflegen und zu bewahren.<\/p>\n\n\n\n<p>In einer Zeit, in der selbst h\u00f6chste kirchliche Stellen an den eigenen Heiligen zweifeln und die diesen zu Ehren eingef\u00e4hrten und jahrhundertelang gefeierten Feiertage einfach abschaffen, soll es Zweck und Ziel der<\/p>\n\n\n\n<p>&#8222;K\u00f6niglich-Bayerischen-Josefs-Partei&#8220; (KBJP)<\/p>\n\n\n\n<p>sein, dem \u00fcberlieferten Brauch, dem alten Glauben an die alten Feiertage wieder zu ihrem Recht zu verhelfen und insbesondere diese Feiertage wieder einzuf\u00fchren.<\/p>\n\n\n\n<p>Eingedenkt ihrer gro\ufb02en Verantwortung gibt sich die Partei die nachstehende Satzung:<\/p>\n\n\n\n<p>\u00a7 1 Parteiname und Sitz<br>Die Partei f\u00fchrt den Namen &#8222;K\u00f6niglich-Bayerischen-Josefs-Partei&#8220; kurz &#8222;KBJP&#8220;. Sitz der Partei ist im &#8222;Turm zum Goldenen Frieden&#8220;, Josefsplatz 1, 86551 Aichach.<\/p>\n\n\n\n<p>\u00a7 2 Ziele der Partei<br>Erstes Ziel der Partei ist es, den Josefstag am 19. M\u00e4rz wieder als Feiertag einzuf\u00fchren und ihn sowohl vor als auch nach der zu erreichenden G\u00fcltigkeit als Feiertag geb\u00fchrend zu begehen bzw. zu feiern.<\/p>\n\n\n\n<p>\u00a7 3 Organe der Partei<br>Die Organe der K\u00f6niglich Bayerischen Josefs Partei sind:<\/p>\n\n\n\n<pre class=\"wp-block-code\"><code>Der Vorstand\nDie Mitgliederversammlung<\/code><\/pre>\n\n\n\n<p>\u00a7 4 Vorstand<br>Der Vorstand besteht aus dem Parteivorsitzenden. Parteivorsitzender ist der jeweilige Turmhauptmann der &#8222;Damischen Ritter&#8220;, Aichach.<\/p>\n\n\n\n<p>\u00a7 5 Vertretung<br>Der Parteivorsitzende vertritt die Partei nach au\u00dfen.<\/p>\n\n\n\n<p>\u00a7 6 Beschlu\ufb02fassung<br>Beschl\u00fcsse fa\u00dft der Parteivorsitzende einstimmig.<\/p>\n\n\n\n<p>\u00a7 7 Mitgliedsvoraussetzungen<br>Ordentliches Mitglied der KBJP kann jede Person beiderlei Geschlechtes werden, die unbescholten, bayerischen Gebl\u00fct`s oder dem Stamme der Bayern und dessen Gebr\u00e4uchen zugetan ist.<\/p>\n\n\n\n<p>Juristische Personen k\u00f6nnen ebenfalls Mitglied werden.<\/p>\n\n\n\n<p>\u00a7 8 Mitgliedsaufnahme<br>Die Aufnahme als Mitglied erfolgt nach Anmeldung und Bezahlung des Beitrags durch Beschlu\u00df des Parteivorsitzenden.<\/p>\n\n\n\n<p>Jedes Mitglied erh\u00e4lt einen Mitgliedsausweis.<\/p>\n\n\n\n<p>\u00a7 9 Erl\u00f6schen der Mitgliedschaft<br>Die Mitgliedschaft erlischt durch:<\/p>\n\n\n\n<pre class=\"wp-block-code\"><code>Nichtfeiern des Josefitages\nNichtbezahlung des Beitrages\nAustritt\nTod<\/code><\/pre>\n\n\n\n<p>\u00a7 10 Mitgliedsbeitrag<br>Um weiten Teilen der Bev\u00f6lkerung den Beitritt zu erm\u00f6glichen, wird ein Jahresbeitrag von nur 1,- Euro (in Worten: Ein Euro) erhoben. Jedes Mitglied sollte beim Eintritt einen Betrag entrichten, der der voraussichtlichen Lebenserwartung entspricht, jedoch mindestens 10,- Euro.<\/p>\n\n\n\n<p>\u00a7 11 Verm\u00f6gen der Partei<br>Bei Aufl\u00f6sung der Partei f\u00e4llt das Verm\u00f6gen dem &#8222;Turm zum Goldenen Frieden&#8220; und somit den Damischen Rittern, Aichach zu.<\/p>\n\n\n\n<p>\u00a7 12 Rechte, Pflichten, Schlu\ufb02betrachtung<br>Mitglieder der KBJP sind berechtigt, als zweiten Vornamen den Namen &#8222;Josef&#8220;, &#8222;Josefa&#8220; bzw. &#8222;Josefine&#8220; zu f\u00fchren.<br>Oberstes Ziel mu\u00df es sein, immer wieder auf das Leben und Werk des Namenspatrons hinzuweisen. Seine Hingabe, sein Opferwille und sein Handwerkerflei\u00df mu\u00df an allen deutschen Schulen den kommenden Geschlechtern als Beispiel dargestellte werden.<br>Ob sich die KBJP an k\u00fcnftigen Wahlen beteiligt und die Aufstellung von eigenen Kandidaten f\u00fcr Europa-, Bundestags-, Landtags-, Kreistags- sowie Kommunalwahlen anstrebt, entscheidet der Parteivorsitzende.<br>Sollte die Wiedereinf\u00fchrung des Josefitages am Widerstand Berlins oder Br\u00fcssels scheitern, so wird die Trennung Bayerns von Deutschland und Europa die unvermeidliche Forderung der KBJP sein.<\/p>\n\n\n\n<p>K\u00f6niglich Bayerische Josefs Partei<\/p>\n\n\n\n<p>Fritz Josef Beintner<br> Parteivorsitzender und Turmhauptmann<\/p>\n\n\n\n<p><\/p>\n","protected":false},"excerpt":{"rendered":"<p>Pr\u00e4ambel:In einer schweren Zeit, in der Gewalt und Unrecht immer mehr die Macht ergreifen, in der Abtreibung, Vergewaltigung, Mord und Totschlag an der Tagesordnung sind, haben sich aufrechte, g`standene, verantwortungsbewu\u00dfte bayerische B\u00fcrger zusammengefunden, um alte Sitten, alten Brauch und alte Feiertage zu pflegen und zu bewahren. In einer Zeit, in der selbst h\u00f6chste kirchliche Stellen &hellip; <a href=\"https:\/\/www.kbjp-aichach.de\/?page_id=14\" class=\"more-link\"><span class=\"screen-reader-text\">Satzung<\/span> weiterlesen<\/a><\/p>\n","protected":false},"author":1,"featured_media":0,"parent":0,"menu_order":0,"comment_status":"closed","ping_status":"closed","template":"","meta":{"footnotes":""},"_links":{"self":[{"href":"https:\/\/www.kbjp-aichach.de\/index.php?rest_route=\/wp\/v2\/pages\/14"}],"collection":[{"href":"https:\/\/www.kbjp-aichach.de\/index.php?rest_route=\/wp\/v2\/pages"}],"about":[{"href":"https:\/\/www.kbjp-aichach.de\/index.php?rest_route=\/wp\/v2\/types\/page"}],"author":[{"embeddable":true,"href":"https:\/\/www.kbjp-aichach.de\/index.php?rest_route=\/wp\/v2\/users\/1"}],"replies":[{"embeddable":true,"href":"https:\/\/www.kbjp-aichach.de\/index.php?rest_route=%2Fwp%2Fv2%2Fcomments&post=14"}],"version-history":[{"count":6,"href":"https:\/\/www.kbjp-aichach.de\/index.php?rest_route=\/wp\/v2\/pages\/14\/revisions"}],"predecessor-version":[{"id":206,"href":"https:\/\/www.kbjp-aichach.de\/index.php?rest_route=\/wp\/v2\/pages\/14\/revisions\/206"}],"wp:attachment":[{"href":"https:\/\/www.kbjp-aichach.de\/index.php?rest_route=%2Fwp%2Fv2%2Fmedia&parent=14"}],"curies":[{"name":"wp","href":"https:\/\/api.w.org\/{rel}","templated":true}]}}